{"id":203,"date":"2021-08-22T21:34:36","date_gmt":"2021-08-22T19:34:36","guid":{"rendered":"https:\/\/marofm.de\/?page_id=203"},"modified":"2021-10-15T20:26:31","modified_gmt":"2021-10-15T18:26:31","slug":"team","status":"publish","type":"page","link":"https:\/\/marofm.de\/en\/team\/","title":{"rendered":"Team"},"content":{"rendered":"<div data-elementor-type=\"wp-page\" data-elementor-id=\"203\" class=\"elementor elementor-203\">\n\t\t\t\t\t\t<section class=\"elementor-section elementor-top-section elementor-element elementor-element-ef2443d elementor-section-boxed elementor-section-height-default elementor-section-height-default\" data-id=\"ef2443d\" data-element_type=\"section\">\n\t\t\t\t\t\t<div class=\"elementor-container elementor-column-gap-default\">\n\t\t\t\t\t<div class=\"elementor-column elementor-col-33 elementor-top-column elementor-element elementor-element-d851ddc\" data-id=\"d851ddc\" data-element_type=\"column\">\n\t\t\t<div class=\"elementor-widget-wrap elementor-element-populated\">\n\t\t\t\t\t\t<div class=\"elementor-element elementor-element-e92ebae elementor-widget elementor-widget-image\" data-id=\"e92ebae\" data-element_type=\"widget\" data-widget_type=\"image.default\">\n\t\t\t\t<div class=\"elementor-widget-container\">\n\t\t\t\t\t\t\t\t\t\t\t\t\t\t\t<img fetchpriority=\"high\" decoding=\"async\" width=\"800\" height=\"800\" src=\"https:\/\/marofm.de\/wp-content\/uploads\/2021\/08\/MonsterTV-Logo-kleiner-beta-1024x1024.jpg\" class=\"attachment-large size-large wp-image-205\" alt=\"\" srcset=\"https:\/\/marofm.de\/wp-content\/uploads\/2021\/08\/MonsterTV-Logo-kleiner-beta-1024x1024.jpg 1024w, https:\/\/marofm.de\/wp-content\/uploads\/2021\/08\/MonsterTV-Logo-kleiner-beta-300x300.jpg 300w, https:\/\/marofm.de\/wp-content\/uploads\/2021\/08\/MonsterTV-Logo-kleiner-beta-150x150.jpg 150w, https:\/\/marofm.de\/wp-content\/uploads\/2021\/08\/MonsterTV-Logo-kleiner-beta-768x768.jpg 768w, https:\/\/marofm.de\/wp-content\/uploads\/2021\/08\/MonsterTV-Logo-kleiner-beta-1536x1536.jpg 1536w, https:\/\/marofm.de\/wp-content\/uploads\/2021\/08\/MonsterTV-Logo-kleiner-beta-12x12.jpg 12w, https:\/\/marofm.de\/wp-content\/uploads\/2021\/08\/MonsterTV-Logo-kleiner-beta.jpg 2000w\" sizes=\"(max-width: 800px) 100vw, 800px\" \/>\t\t\t\t\t\t\t\t\t\t\t\t\t\t\t<\/div>\n\t\t\t\t<\/div>\n\t\t\t\t\t<\/div>\n\t\t<\/div>\n\t\t\t\t<div class=\"elementor-column elementor-col-66 elementor-top-column elementor-element elementor-element-d98bfb3\" data-id=\"d98bfb3\" data-element_type=\"column\">\n\t\t\t<div class=\"elementor-widget-wrap elementor-element-populated\">\n\t\t\t\t\t\t<div class=\"elementor-element elementor-element-804bafa elementor-widget elementor-widget-heading\" data-id=\"804bafa\" data-element_type=\"widget\" data-widget_type=\"heading.default\">\n\t\t\t\t<div class=\"elementor-widget-container\">\n\t\t\t\t\t<h2 class=\"elementor-heading-title elementor-size-default\">Max<\/h2>\t\t\t\t<\/div>\n\t\t\t\t<\/div>\n\t\t\t\t<div class=\"elementor-element elementor-element-ee90c69 elementor-widget elementor-widget-text-editor\" data-id=\"ee90c69\" data-element_type=\"widget\" data-widget_type=\"text-editor.default\">\n\t\t\t\t<div class=\"elementor-widget-container\">\n\t\t\t\t\t\t\t\t\t<p>Bereich: Leiter von Maro FM<\/p><p>\u00dcber mich:<br \/>Hallo ich hei\u00dfe Max und bin der Leiter von Maro FM. Es freut mich sehr das du hier her gefunden hast und unsere ausgew\u00e4hlte Musik auf MaroFM genie\u00dft. \ud83d\ude42 Bei Fragen stehe ich euch gerne zur Verf\u00fcgung.<\/p><p>Email: info@marofm.de<\/p>\t\t\t\t\t\t\t\t<\/div>\n\t\t\t\t<\/div>\n\t\t\t\t\t<\/div>\n\t\t<\/div>\n\t\t\t\t\t<\/div>\n\t\t<\/section>\n\t\t\t\t<section class=\"elementor-section elementor-top-section elementor-element elementor-element-17d4503 elementor-section-boxed elementor-section-height-default elementor-section-height-default\" data-id=\"17d4503\" data-element_type=\"section\">\n\t\t\t\t\t\t<div class=\"elementor-container elementor-column-gap-default\">\n\t\t\t\t\t<div class=\"elementor-column elementor-col-100 elementor-top-column elementor-element elementor-element-85ed585\" data-id=\"85ed585\" data-element_type=\"column\">\n\t\t\t<div class=\"elementor-widget-wrap elementor-element-populated\">\n\t\t\t\t\t\t<div class=\"elementor-element elementor-element-584b312 elementor-widget elementor-widget-spacer\" data-id=\"584b312\" data-element_type=\"widget\" data-widget_type=\"spacer.default\">\n\t\t\t\t<div class=\"elementor-widget-container\">\n\t\t\t\t\t\t\t<div class=\"elementor-spacer\">\n\t\t\t<div class=\"elementor-spacer-inner\"><\/div>\n\t\t<\/div>\n\t\t\t\t\t\t<\/div>\n\t\t\t\t<\/div>\n\t\t\t\t\t<\/div>\n\t\t<\/div>\n\t\t\t\t\t<\/div>\n\t\t<\/section>\n\t\t\t\t<section class=\"elementor-section elementor-top-section elementor-element elementor-element-c2803ed elementor-section-boxed elementor-section-height-default elementor-section-height-default\" data-id=\"c2803ed\" data-element_type=\"section\">\n\t\t\t\t\t\t<div class=\"elementor-container elementor-column-gap-default\">\n\t\t\t\t\t<div class=\"elementor-column elementor-col-33 elementor-top-column elementor-element elementor-element-5b48c40\" data-id=\"5b48c40\" data-element_type=\"column\">\n\t\t\t<div class=\"elementor-widget-wrap elementor-element-populated\">\n\t\t\t\t\t\t<div class=\"elementor-element elementor-element-6421adf elementor-widget elementor-widget-image\" data-id=\"6421adf\" data-element_type=\"widget\" data-widget_type=\"image.default\">\n\t\t\t\t<div class=\"elementor-widget-container\">\n\t\t\t\t\t\t\t\t\t\t\t\t\t\t\t<img decoding=\"async\" width=\"800\" height=\"800\" src=\"https:\/\/marofm.de\/wp-content\/uploads\/2021\/09\/54645674674-1024x1024.png\" class=\"attachment-large size-large wp-image-345\" alt=\"\" srcset=\"https:\/\/marofm.de\/wp-content\/uploads\/2021\/09\/54645674674-1024x1024.png 1024w, https:\/\/marofm.de\/wp-content\/uploads\/2021\/09\/54645674674-300x300.png 300w, https:\/\/marofm.de\/wp-content\/uploads\/2021\/09\/54645674674-150x150.png 150w, https:\/\/marofm.de\/wp-content\/uploads\/2021\/09\/54645674674-768x768.png 768w, https:\/\/marofm.de\/wp-content\/uploads\/2021\/09\/54645674674-12x12.png 12w, https:\/\/marofm.de\/wp-content\/uploads\/2021\/09\/54645674674.png 1280w\" sizes=\"(max-width: 800px) 100vw, 800px\" \/>\t\t\t\t\t\t\t\t\t\t\t\t\t\t\t<\/div>\n\t\t\t\t<\/div>\n\t\t\t\t\t<\/div>\n\t\t<\/div>\n\t\t\t\t<div class=\"elementor-column elementor-col-66 elementor-top-column elementor-element elementor-element-1ae0b24\" data-id=\"1ae0b24\" data-element_type=\"column\">\n\t\t\t<div class=\"elementor-widget-wrap elementor-element-populated\">\n\t\t\t\t\t\t<div class=\"elementor-element elementor-element-0c175ce elementor-widget elementor-widget-heading\" data-id=\"0c175ce\" data-element_type=\"widget\" data-widget_type=\"heading.default\">\n\t\t\t\t<div class=\"elementor-widget-container\">\n\t\t\t\t\t<h2 class=\"elementor-heading-title elementor-size-default\">KEVIN<\/h2>\t\t\t\t<\/div>\n\t\t\t\t<\/div>\n\t\t\t\t<div class=\"elementor-element elementor-element-e86083f elementor-widget elementor-widget-text-editor\" data-id=\"e86083f\" data-element_type=\"widget\" data-widget_type=\"text-editor.default\">\n\t\t\t\t<div class=\"elementor-widget-container\">\n\t\t\t\t\t\t\t\t\t<p>Bereich: Leiter von Yuru Radio<\/p><p>\u00dcber mich:<br \/>Hi, ich bin Kevin und zust\u00e4ndig f\u00fcr das Projekt YuruRadio. Genrem\u00e4\u00dfig haben wir \u00fcberwiegend alles was man dem Rock zuordnen kann und abends gibt es themenbezogene Playlisten. Bei Fragen und Anregungen im Bezug auf YuruRadio stehe ich euch zur Verf\u00fcgung.<\/p><p>Email: yururadio@marofm.de<\/p>\t\t\t\t\t\t\t\t<\/div>\n\t\t\t\t<\/div>\n\t\t\t\t\t<\/div>\n\t\t<\/div>\n\t\t\t\t\t<\/div>\n\t\t<\/section>\n\t\t\t\t<section class=\"elementor-section elementor-top-section elementor-element elementor-element-93b9004 elementor-section-boxed elementor-section-height-default elementor-section-height-default\" data-id=\"93b9004\" data-element_type=\"section\">\n\t\t\t\t\t\t<div class=\"elementor-container elementor-column-gap-default\">\n\t\t\t\t\t<div class=\"elementor-column elementor-col-100 elementor-top-column elementor-element elementor-element-79c5e85\" data-id=\"79c5e85\" data-element_type=\"column\">\n\t\t\t<div class=\"elementor-widget-wrap elementor-element-populated\">\n\t\t\t\t\t\t<div class=\"elementor-element elementor-element-dd4b146 elementor-widget elementor-widget-spacer\" data-id=\"dd4b146\" data-element_type=\"widget\" data-widget_type=\"spacer.default\">\n\t\t\t\t<div class=\"elementor-widget-container\">\n\t\t\t\t\t\t\t<div class=\"elementor-spacer\">\n\t\t\t<div class=\"elementor-spacer-inner\"><\/div>\n\t\t<\/div>\n\t\t\t\t\t\t<\/div>\n\t\t\t\t<\/div>\n\t\t\t\t\t<\/div>\n\t\t<\/div>\n\t\t\t\t\t<\/div>\n\t\t<\/section>\n\t\t\t\t<section class=\"elementor-section elementor-top-section elementor-element elementor-element-bcac32d elementor-section-boxed elementor-section-height-default elementor-section-height-default\" data-id=\"bcac32d\" data-element_type=\"section\">\n\t\t\t\t\t\t<div class=\"elementor-container elementor-column-gap-default\">\n\t\t\t\t\t<div class=\"elementor-column elementor-col-100 elementor-top-column elementor-element elementor-element-96bae42\" data-id=\"96bae42\" data-element_type=\"column\">\n\t\t\t<div class=\"elementor-widget-wrap elementor-element-populated\">\n\t\t\t\t\t\t<div class=\"elementor-element elementor-element-ad9f681 elementor-widget elementor-widget-text-editor\" data-id=\"ad9f681\" data-element_type=\"widget\" data-widget_type=\"text-editor.default\">\n\t\t\t\t<div class=\"elementor-widget-container\">\n\t\t\t\t\t\t\t\t\t<p><strong>Would you like to send your own music to us? Then apply to us now for free! The prerequisite is that you can speak the German language.<\/strong><\/p>\t\t\t\t\t\t\t\t<\/div>\n\t\t\t\t<\/div>\n\t\t\t\t\t<\/div>\n\t\t<\/div>\n\t\t\t\t\t<\/div>\n\t\t<\/section>\n\t\t\t\t<section class=\"elementor-section elementor-top-section elementor-element elementor-element-3eb3633 elementor-section-boxed elementor-section-height-default elementor-section-height-default\" data-id=\"3eb3633\" data-element_type=\"section\">\n\t\t\t\t\t\t<div class=\"elementor-container elementor-column-gap-default\">\n\t\t\t\t\t<div class=\"elementor-column elementor-col-100 elementor-top-column elementor-element elementor-element-9bb44f3\" data-id=\"9bb44f3\" data-element_type=\"column\">\n\t\t\t<div class=\"elementor-widget-wrap elementor-element-populated\">\n\t\t\t\t\t\t<div class=\"elementor-element elementor-element-babc2c6 elementor-align-center elementor-widget elementor-widget-button\" data-id=\"babc2c6\" data-element_type=\"widget\" data-widget_type=\"button.default\">\n\t\t\t\t<div class=\"elementor-widget-container\">\n\t\t\t\t\t\t\t\t\t<div class=\"elementor-button-wrapper\">\n\t\t\t\t\t<a class=\"elementor-button elementor-button-link elementor-size-lg\" href=\"https:\/\/marofm.de\/en\/mitmachen\/\">\n\t\t\t\t\t\t<span class=\"elementor-button-content-wrapper\">\n\t\t\t\t\t\t<span class=\"elementor-button-icon\">\n\t\t\t\t<i aria-hidden=\"true\" class=\"far fa-edit\"><\/i>\t\t\t<\/span>\n\t\t\t\t\t\t\t\t\t<span class=\"elementor-button-text\">Join now<\/span>\n\t\t\t\t\t<\/span>\n\t\t\t\t\t<\/a>\n\t\t\t\t<\/div>\n\t\t\t\t\t\t\t\t<\/div>\n\t\t\t\t<\/div>\n\t\t\t\t\t<\/div>\n\t\t<\/div>\n\t\t\t\t\t<\/div>\n\t\t<\/section>\n\t\t\t\t<\/div>","protected":false},"excerpt":{"rendered":"<p>Max Bereich: Leiter von Maro FM \u00dcber mich:Hallo ich hei\u00dfe Max und bin der Leiter von Maro FM. Es freut mich sehr das du hier her gefunden hast und unsere ausgew\u00e4hlte Musik auf MaroFM genie\u00dft. \ud83d\ude42 Bei Fragen stehe ich euch gerne zur Verf\u00fcgung. Email: info@marofm.de KEVIN Bereich: Leiter von Yuru Radio \u00dcber mich:Hi, ich bin Kevin und zust\u00e4ndig f\u00fcr das Projekt YuruRadio. Genrem\u00e4\u00dfig haben wir \u00fcberwiegend alles was man dem Rock zuordnen kann und abends gibt es themenbezogene Playlisten. Bei Fragen und Anregungen im Bezug auf YuruRadio stehe ich euch zur Verf\u00fcgung. Email: yururadio@marofm.de Du m\u00f6chtest selber bei uns deine eigene Musik senden? Dann bewerbe dich jetzt kostenlos bei uns! Jetzt Mitmachen<\/p>","protected":false},"author":1,"featured_media":0,"parent":0,"menu_order":0,"comment_status":"closed","ping_status":"closed","template":"","meta":{"footnotes":""},"class_list":["post-203","page","type-page","status-publish"],"_links":{"self":[{"href":"https:\/\/marofm.de\/en\/wp-json\/wp\/v2\/pages\/203","targetHints":{"allow":["GET"]}}],"collection":[{"href":"https:\/\/marofm.de\/en\/wp-json\/wp\/v2\/pages"}],"about":[{"href":"https:\/\/marofm.de\/en\/wp-json\/wp\/v2\/types\/page"}],"author":[{"embeddable":true,"href":"https:\/\/marofm.de\/en\/wp-json\/wp\/v2\/users\/1"}],"replies":[{"embeddable":true,"href":"https:\/\/marofm.de\/en\/wp-json\/wp\/v2\/comments?post=203"}],"version-history":[{"count":10,"href":"https:\/\/marofm.de\/en\/wp-json\/wp\/v2\/pages\/203\/revisions"}],"predecessor-version":[{"id":431,"href":"https:\/\/marofm.de\/en\/wp-json\/wp\/v2\/pages\/203\/revisions\/431"}],"wp:attachment":[{"href":"https:\/\/marofm.de\/en\/wp-json\/wp\/v2\/media?parent=203"}],"curies":[{"name":"wp","href":"https:\/\/api.w.org\/{rel}","templated":true}]}}